{"id":850,"date":"2021-10-25T19:01:03","date_gmt":"2021-10-25T17:01:03","guid":{"rendered":"http:\/\/media-press.de\/?page_id=850"},"modified":"2026-04-28T18:36:21","modified_gmt":"2026-04-28T16:36:21","slug":"ueber-uns","status":"publish","type":"page","link":"http:\/\/media-press.de\/?page_id=850","title":{"rendered":"\u00dcber uns"},"content":{"rendered":"\n<h1>Media Press<\/h1>\n\n\n\n<p>Media Press ist ein verl\u00e4sslicher Partner von Zeitschriften, Zeitungen und TV-Sendern in Deutschland. Wir produzieren Fotoreportagen und Interviews mit K\u00fcnstlern und Stars aus Film, Fernsehen, Show und Musik. Au\u00dferdem berichten wir von Premieren, Galas, Preisverleihungen und anderen Gro\u00dfereignissen. In unserer umfangreichen Online-Datenbank finden Sie eine riesige Auswahl an Bildern von Prominenten. Wir bieten Ihnen nicht nur Fotos, sondern auch Text- und Informationsmaterial und auf Wunsch auch themenspezifische Berichte.<\/p>\n\n\n\n<p>IMPRESSUM<br>Media Press<br>22415 Hamburg<br>Mobil: 0160 8303661<\/p>\n\n\n\n<p class=\"has-text-align-left\"><\/p>\n\n\n\n<figure class=\"wp-block-image size-large is-resized\"><a href=\"http:\/\/media-press.de\/wp-content\/uploads\/2025\/10\/Montitwoo.jpg\"><img loading=\"lazy\" src=\"http:\/\/media-press.de\/wp-content\/uploads\/2025\/10\/Montitwoo-723x1024.jpg\" alt=\"Monti T. Mountafi\" class=\"wp-image-869\" width=\"148\" height=\"210\" srcset=\"http:\/\/media-press.de\/wp-content\/uploads\/2025\/10\/Montitwoo-723x1024.jpg 723w, http:\/\/media-press.de\/wp-content\/uploads\/2025\/10\/Montitwoo-212x300.jpg 212w, http:\/\/media-press.de\/wp-content\/uploads\/2025\/10\/Montitwoo-768x1088.jpg 768w, http:\/\/media-press.de\/wp-content\/uploads\/2025\/10\/Montitwoo-1084x1536.jpg 1084w, http:\/\/media-press.de\/wp-content\/uploads\/2025\/10\/Montitwoo.jpg 1372w\" sizes=\"(max-width: 148px) 100vw, 148px\" \/><\/a><figcaption>Monti T. Mountafi<\/figcaption><\/figure>\n\n\n\n<p><\/p>\n","protected":false},"excerpt":{"rendered":"<p>Media Press Media Press ist ein verl\u00e4sslicher Partner von Zeitschriften, Zeitungen und TV-Sendern in Deutschland. Wir produzieren Fotoreportagen und Interviews mit K\u00fcnstlern und Stars aus Film, Fernsehen, Show und Musik. Au\u00dferdem berichten wir von Premieren, Galas, Preisverleihungen und anderen Gro\u00dfereignissen. In unserer umfangreichen Online-Datenbank finden Sie eine riesige Auswahl an Bildern von Prominenten. Wir bieten [&hellip;]<\/p>\n","protected":false},"author":1,"featured_media":0,"parent":0,"menu_order":0,"comment_status":"closed","ping_status":"closed","template":"","meta":[],"_links":{"self":[{"href":"http:\/\/media-press.de\/index.php?rest_route=\/wp\/v2\/pages\/850"}],"collection":[{"href":"http:\/\/media-press.de\/index.php?rest_route=\/wp\/v2\/pages"}],"about":[{"href":"http:\/\/media-press.de\/index.php?rest_route=\/wp\/v2\/types\/page"}],"author":[{"embeddable":true,"href":"http:\/\/media-press.de\/index.php?rest_route=\/wp\/v2\/users\/1"}],"replies":[{"embeddable":true,"href":"http:\/\/media-press.de\/index.php?rest_route=%2Fwp%2Fv2%2Fcomments&post=850"}],"version-history":[{"count":6,"href":"http:\/\/media-press.de\/index.php?rest_route=\/wp\/v2\/pages\/850\/revisions"}],"predecessor-version":[{"id":874,"href":"http:\/\/media-press.de\/index.php?rest_route=\/wp\/v2\/pages\/850\/revisions\/874"}],"wp:attachment":[{"href":"http:\/\/media-press.de\/index.php?rest_route=%2Fwp%2Fv2%2Fmedia&parent=850"}],"curies":[{"name":"wp","href":"https:\/\/api.w.org\/{rel}","templated":true}]}}